{"id":1181,"date":"2020-06-22T12:51:28","date_gmt":"2020-06-22T12:51:28","guid":{"rendered":"https:\/\/mumablue.com\/blog\/?page_id=1181"},"modified":"2025-05-23T07:52:29","modified_gmt":"2025-05-23T07:52:29","slug":"poemas-para-ninos","status":"publish","type":"page","link":"https:\/\/www.mumablue.com\/blog\/poemas-para-ninos\/","title":{"rendered":"Poemas para ni\u00f1os"},"content":{"rendered":"<div><\/div>\n<div class=\"boxpequehistorias\">\n<p><script src=\"https:\/\/www.buzzsprout.com\/937792\/10527469-conjuro-esdrujulo.js?container_id=buzzsprout-player-10527469&#038;player=small\" type=\"text\/javascript\" charset=\"utf-8\"><\/script><\/p>\n<p><script src=\"https:\/\/www.buzzsprout.com\/937792\/10401856-a-recoger-la-habitacion.js?container_id=buzzsprout-player-10401856&#038;player=small\" type=\"text\/javascript\" charset=\"utf-8\"><\/script><\/p>\n<p><script src=\"https:\/\/www.buzzsprout.com\/937792\/9656010-gritafuerte-y-gritamas.js?container_id=buzzsprout-player-9656010&#038;player=small\" type=\"text\/javascript\" charset=\"utf-8\"><\/script><\/p>\n<p><script src=\"https:\/\/www.buzzsprout.com\/937792\/9454608-poema-de-los-planetas.js?container_id=buzzsprout-player-9454608&#038;player=small\" type=\"text\/javascript\" charset=\"utf-8\"><\/script><\/p>\n<p><script src=\"https:\/\/www.buzzsprout.com\/937792\/9333685-el-baile-de-la-libelula.js?container_id=buzzsprout-player-9333685&#038;player=small\" type=\"text\/javascript\" charset=\"utf-8\"><\/script><\/p>\n<p><script src=\"https:\/\/www.buzzsprout.com\/937792\/8519456-que-quiero-ser-de-mayor.js?container_id=buzzsprout-player-8519456&#038;player=small\" type=\"text\/javascript\" charset=\"utf-8\"><\/script><\/p>\n<p><script src=\"https:\/\/www.buzzsprout.com\/937792\/8273915-la-granja-majareta.js?container_id=buzzsprout-player-8273915&#038;player=small\" type=\"text\/javascript\" charset=\"utf-8\"><\/script><\/p>\n<p><script src=\"https:\/\/www.buzzsprout.com\/937792\/6839818-loco-villancico.js?container_id=buzzsprout-player-6839818&#038;player=small\" type=\"text\/javascript\" charset=\"utf-8\"><\/script><span style=\"font-size: 1rem;\">Te dejamos la<\/span><span style=\"color: #0000ff;\"><a style=\"color: #0000ff;\" href=\"https:\/\/www.mumablue.com\/blog\/villancico-divertido-para-ninos-cantar-escuchar\/\"> letra de \u00abLoco Villancico\u00bb<\/a><\/span><span style=\"font-size: 1rem;\">, por si acaso \ud83d\ude09<\/span><\/p>\n<div>\n<p><script src=\"https:\/\/www.buzzsprout.com\/937792\/3882506-la-nana-invisible.js?container_id=buzzsprout-player-3882506&#038;player=small\" type=\"text\/javascript\" charset=\"utf-8\"><\/script><\/p>\n<p><script src=\"https:\/\/www.buzzsprout.com\/937792\/3199969-la-pequena-vampira.js?container_id=buzzsprout-player-3199969&#038;player=small\" type=\"text\/javascript\" charset=\"utf-8\"><\/script><\/p>\n<p><script src=\"https:\/\/www.buzzsprout.com\/937792\/4058945-he-capturado-un-dragon.js?container_id=buzzsprout-player-4058945&#038;player=small\" type=\"text\/javascript\" charset=\"utf-8\"><\/script><\/p>\n<p><script src=\"https:\/\/www.buzzsprout.com\/937792\/4223810-el-sueno-de-la-bella-durmiente.js?container_id=buzzsprout-player-4223810&#038;player=small\" type=\"text\/javascript\" charset=\"utf-8\"><\/script><\/p>\n<p><script src=\"https:\/\/www.buzzsprout.com\/937792\/3728072-la-momia-no-quiero.js?container_id=buzzsprout-player-3728072&#038;player=small\" type=\"text\/javascript\" charset=\"utf-8\"><\/script><\/p>\n<p><script src=\"https:\/\/www.buzzsprout.com\/937792\/3283291-me-aburro.js?container_id=buzzsprout-player-3283291&#038;player=small\" type=\"text\/javascript\" charset=\"utf-8\"><\/script><\/p>\n<p><script src=\"https:\/\/www.buzzsprout.com\/937792\/3225547-el-cuento-al-reves.js?container_id=buzzsprout-player-3225547&#038;player=small\" type=\"text\/javascript\" charset=\"utf-8\"><\/script><\/p>\n<p><script src=\"https:\/\/www.buzzsprout.com\/937792\/5532901-un-cuento-para-comer.js?container_id=buzzsprout-player-5532901&#038;player=small\" type=\"text\/javascript\" charset=\"utf-8\"><\/script><\/p>\n<p><script src=\"https:\/\/www.buzzsprout.com\/937792\/3629860-la-asamblea-de-los-ratones.js?container_id=buzzsprout-player-3629860&#038;player=small\" type=\"text\/javascript\" charset=\"utf-8\"><\/script><\/p>\n<p><script src=\"https:\/\/www.buzzsprout.com\/937792\/3406318-la-cancion-del-pirata-de-espronceda.js?container_id=buzzsprout-player-3406318&#038;player=small\" type=\"text\/javascript\" charset=\"utf-8\"><\/script><\/p>\n<p><script src=\"https:\/\/www.buzzsprout.com\/937792\/3322300-sonatina-ruben-dario.js?container_id=buzzsprout-player-3322300&#038;player=small\" type=\"text\/javascript\" charset=\"utf-8\"><\/script><\/p>\n<h2>Audiocuentos Poes\u00eda<\/h2>\n<p>En <a href=\"https:\/\/www.mumablue.com\/esp\/?utm_source=blog&amp;utm_medium=link&amp;utm_campaign=p\u00e1ginas-audiocuentos&amp;utm_content=poemas-ni\u00f1os\"><span style=\"color: #00ccff;\">Mumablue<\/span><\/a> le damos una importancia especial a la poes\u00eda, pues creemos que es una aproximaci\u00f3n sencilla, musical y directa a la literatura. Por eso hemos querido incluir una secci\u00f3n de poemas para ni\u00f1os en nuestras pequehistorias, <strong>audiocuentos de poes\u00eda escritos para los peques, normalmente en arte menor<\/strong> (octos\u00edlabos, heptas\u00edlabos), ya que es el utilizado en la poes\u00eda tradicional o popular, centrada en una tem\u00e1tica ligera y un estilo m\u00e1s coloquial, as\u00ed como mucho m\u00e1s sencillo para los ni\u00f1os, tanto en su comprensi\u00f3n como para que quede grabado en su memoria.<\/p>\n<p>Nuestro poema para ni\u00f1os m\u00e1s popular es el audiocuento \u00abLa peque\u00f1a vampira\u00bb, <strong>asequible a los ni\u00f1os m\u00e1s peque\u00f1os, pero en el que tambi\u00e9n encuentran gusto ni\u00f1os mucho m\u00e1s mayores.<\/strong> Se trata de un poemita que cuenta la historia de una ni\u00f1a vampira a la que no le gusta la sangre, la noche o los cementerios, por lo que tiene muy preocupada a su familia. Los ni\u00f1os disfrutan mucho con este cambio de enfoque, ya que se trata de unas caracter\u00edsticas inesperadas. <strong>Adem\u00e1s, hace un gui\u00f1o a la alimentaci\u00f3n saludable<\/strong>, tema que nos preocupa mucho a los pap\u00e1s.<\/p>\n<p>En los audiocuentos de poes\u00eda Mumablue tratamos de <strong>lograr una estrecha identificaci\u00f3n del ni\u00f1o oyente con el contenido de los poemas<\/strong>, apelando a elementos o comportamientos muy presentes en la vida y rutina de los m\u00e1s peque\u00f1os. Tal es el caso de \u00abLa momia no quiero\u00bb, una peque\u00f1a momia que no quiere hacer nada y a todo responde \u00abno quiero, no quiero\u00bb. Est\u00e1 pensado para que los pap\u00e1s puedan decirle al ni\u00f1o o ni\u00f1a: \u00abanda, mira, otro que a todo dice \u00abno quiero\u00bb, como t\u00fa\u00bb, y lograr esa identificaci\u00f3n a trav\u00e9s de una situaci\u00f3n cotidiana.<\/p>\n<p>Tambi\u00e9n quisimos <strong>buscar la identificaci\u00f3n con los ni\u00f1os a trav\u00e9s de un tema de actualidad como fue la etapa de confinamiento<\/strong>, un periodo que ha sido muy duro para muchos ni\u00f1os. Fue precisamente esto lo que nos movi\u00f3 a crear nuestras pequehistorias, tratando de aportar contenido de valor para los ni\u00f1os que los mantuviera alejados de las pantallas. As\u00ed, quisimos acercarnos a ellos a trav\u00e9s de la realidad que estaban viviendo en el poema para ni\u00f1os \u00abMe aburro\u00bb, haci\u00e9ndoles ver que el aburrimiento era una sensaci\u00f3n generalizada entre los ni\u00f1os durante los d\u00edas m\u00e1s duros de encierro.<\/p>\n<p>Pero, sin duda, <strong>el poema que m\u00e1s ternura desprende de todos los audiocuentos de poes\u00eda es \u00abLa nana invisible\u00bb<\/strong>, una nana en la que se invita a los peques a viajar al Pa\u00eds de los Sue\u00f1os. Recitado con tono suave y con una bella y tranquila m\u00fasica de fondo, en este poema se suceden los efectos sonoros de animales y otros ambientes nocturnos. Es un poema lleno de amor y cari\u00f1o que mam\u00e1s y pap\u00e1s pod\u00e9is aprender y recitar con vuestra propia voz, para que vuestros hijos se duerman arrullados por ella.<\/p>\n<p>En la secci\u00f3n de poemas para escucha hemos querido incluir varios poemas de autores cl\u00e1sicos, <strong>joyas de la literatura espa\u00f1ola que, aunque no fueron escritos para ni\u00f1os, por su tem\u00e1tica o protagonistas son adecuados para ellos<\/strong>. As\u00ed, desde peque\u00f1os comienzan a familiarizarse con grandes obras de la literatura universal. Encontramos, por ejemplo, los audiocuentos de poes\u00eda \u00abSonatina\u00bb, de <strong>Rub\u00e9n Dar\u00edo<\/strong>, en el que la princesa protagonista sue\u00f1a con escapar de su jaula de oro y vivir aventuras, o \u00abLa canci\u00f3n del pirata\u00bb, de <strong>Jos\u00e9 de Espronceda<\/strong>, un enfurecido canto a la libertad acentuado en su versi\u00f3n dramatizada por los efectos sonoros del mar o la batalla. O \u00abLa asamblea de los ratones\u00bb, de Lope de Vega, un breve poemita en el que unos ratones discuten qui\u00e9n ser\u00e1 el que se atreva a ponerle un cascabel al gato.<\/p>\n<p>Gran parte de las pequehistorias Mumablue son relatos propios. Ofrecemos\u00a0 audiocuentos gratuitos de fantas\u00eda, aventuras, valores, adivinanzas, poes\u00eda, cl\u00e1sicos de la literatura universal y <strong>narraciones de los cuentos personalizados del <span style=\"color: #00ccff;\"><a style=\"color: #00ccff;\" href=\"https:\/\/www.mumablue.com\/esp\/nuestros-cuentos-personalizados\/?utm_source=blog&amp;utm_medium=link&amp;utm_campaign=p\u00e1ginas-audiocuentos&amp;utm_content=poemas-ni\u00f1os\">cat\u00e1logo Mumablue!<\/a><\/span><\/strong> \u00a1Guarda nuestra p\u00e1gina en favoritos para tenerla a mano cuando necesites un respiro!<\/p>\n<h6>*Los audiocuentos de Mumablue utilizan m\u00fasicas con Licencia Creative Commons en sus variantes 1.0, 3.0 y 4.0, interpretadas por <strong>Alexander Nakarada, Kevin MacLeod, Rafael Krux, Frank Nora, Arthur Fordsworthy, Brian Boyko y Phase Shift<\/strong>, y obtenidas a trav\u00e9s de\u00a0<span style=\"color: #3366ff;\"><a style=\"color: #3366ff;\" href=\"https:\/\/freepd.com\/\" target=\"_blank\" rel=\"noopener noreferrer\">freepd.com<\/a><\/span>.<\/h6>\n<p style=\"text-align: left;\"><img decoding=\"async\" loading=\"lazy\" class=\"alignnone wp-image-1281 size-full\" src=\"https:\/\/www.mumablue.com\/blog\/wp-content\/uploads\/2020\/06\/Audiocuentos-poes\u00eda.jpg\" alt=\"poemas para ni\u00f1os\" width=\"96\" height=\"96\" srcset=\"https:\/\/www.mumablue.com\/blog\/wp-content\/uploads\/2020\/06\/Audiocuentos-poes\u00eda.jpg 96w, https:\/\/www.mumablue.com\/blog\/wp-content\/uploads\/2020\/06\/Audiocuentos-poes\u00eda-50x50.jpg 50w, https:\/\/www.mumablue.com\/blog\/wp-content\/uploads\/2020\/06\/Audiocuentos-poes\u00eda-75x75.jpg 75w, https:\/\/www.mumablue.com\/blog\/wp-content\/uploads\/2020\/06\/Audiocuentos-poes\u00eda-85x85.jpg 85w, https:\/\/www.mumablue.com\/blog\/wp-content\/uploads\/2020\/06\/Audiocuentos-poes\u00eda-80x80.jpg 80w\" sizes=\"(max-width: 96px) 100vw, 96px\" \/>\u00a0 <a style=\"color: #00ccff;\" href=\"https:\/\/www.mumablue.com\/blog\/pequehistorias\">Volver a Todas las Pequehistorias<\/a><\/p>\n<p>&nbsp;<\/p>\n<\/div>\n<\/div>\n<div style='text-align:left' class='yasr-auto-insert-visitor'><\/div>","protected":false},"excerpt":{"rendered":"<p>Te dejamos la letra de \u00abLoco Villancico\u00bb, por si acaso \ud83d\ude09 Audiocuentos Poes\u00eda En Mumablue le damos una importancia especial a la poes\u00eda, pues creemos que es una aproximaci\u00f3n sencilla, musical y directa a la literatura. Por eso hemos querido incluir una secci\u00f3n de poemas para ni\u00f1os en nuestras pequehistorias, audiocuentos de poes\u00eda escritos para [&hellip;]<\/p>\n","protected":false},"author":6,"featured_media":0,"parent":0,"menu_order":0,"comment_status":"closed","ping_status":"closed","template":"","meta":{"yasr_overall_rating":0,"yasr_post_is_review":"","yasr_auto_insert_disabled":"","yasr_review_type":""},"yasr_visitor_votes":{"number_of_votes":14,"sum_votes":54,"stars_attributes":{"read_only":false,"span_bottom":false}},"yoast_head":"<!-- This site is optimized with the Yoast SEO plugin v14.5 - https:\/\/yoast.com\/wordpress\/plugins\/seo\/ -->\n<meta name=\"description\" content=\"Creamos divertidos poemas para ni\u00f1os, poes\u00eda para ser escuchada que tambi\u00e9n tiene en cuenta grandes literatos universales y joyas de la literatura espa\u00f1ola.\" \/>\n<meta name=\"robots\" content=\"index, follow\" \/>\n<meta name=\"googlebot\" content=\"index, follow, max-snippet:-1, max-image-preview:large, max-video-preview:-1\" \/>\n<meta name=\"bingbot\" content=\"index, follow, max-snippet:-1, max-image-preview:large, max-video-preview:-1\" \/>\n<link rel=\"canonical\" href=\"https:\/\/www.mumablue.com\/blog\/poemas-para-ninos\/\" \/>\n<meta property=\"og:locale\" content=\"es_ES\" \/>\n<meta property=\"og:type\" content=\"article\" \/>\n<meta property=\"og:title\" content=\"Poemas para ni\u00f1os - Blog Mumablue\" \/>\n<meta property=\"og:description\" content=\"Creamos divertidos poemas para ni\u00f1os, poes\u00eda para ser escuchada que tambi\u00e9n tiene en cuenta grandes literatos universales y joyas de la literatura espa\u00f1ola.\" \/>\n<meta property=\"og:url\" content=\"https:\/\/www.mumablue.com\/blog\/poemas-para-ninos\/\" \/>\n<meta property=\"og:site_name\" content=\"Blog Mumablue\" \/>\n<meta property=\"article:publisher\" content=\"https:\/\/www.facebook.com\/mumablue\/\" \/>\n<meta property=\"article:modified_time\" content=\"2025-05-23T07:52:29+00:00\" \/>\n<meta property=\"og:image\" content=\"https:\/\/www.mumablue.com\/blog\/wp-content\/uploads\/2020\/06\/Audiocuentos-poes\u00eda.jpg\" \/>\n<meta name=\"twitter:card\" content=\"summary_large_image\" \/>\n<script type=\"application\/ld+json\" class=\"yoast-schema-graph\">{\"@context\":\"https:\/\/schema.org\",\"@graph\":[{\"@type\":\"Organization\",\"@id\":\"https:\/\/www.mumablue.com\/blog\/#organization\",\"name\":\"Mumablue\",\"url\":\"https:\/\/www.mumablue.com\/blog\/\",\"sameAs\":[\"https:\/\/www.facebook.com\/mumablue\/\",\"https:\/\/www.instagram.com\/mumablue\/?hl=es\"],\"logo\":{\"@type\":\"ImageObject\",\"@id\":\"https:\/\/www.mumablue.com\/blog\/#logo\",\"inLanguage\":\"es\",\"url\":\"https:\/\/www.mumablue.com\/blog\/wp-content\/uploads\/2020\/05\/Blog-Mumablue.png\",\"width\":749,\"height\":269,\"caption\":\"Mumablue\"},\"image\":{\"@id\":\"https:\/\/www.mumablue.com\/blog\/#logo\"}},{\"@type\":\"WebSite\",\"@id\":\"https:\/\/www.mumablue.com\/blog\/#website\",\"url\":\"https:\/\/www.mumablue.com\/blog\/\",\"name\":\"Blog Mumablue\",\"description\":\"Un blog de cuentos y audiocuentos gratis para ni\\u00f1os.\",\"publisher\":{\"@id\":\"https:\/\/www.mumablue.com\/blog\/#organization\"},\"potentialAction\":[{\"@type\":\"SearchAction\",\"target\":\"https:\/\/www.mumablue.com\/blog\/?s={search_term_string}\",\"query-input\":\"required name=search_term_string\"}],\"inLanguage\":\"es\"},{\"@type\":\"ImageObject\",\"@id\":\"https:\/\/www.mumablue.com\/blog\/poemas-para-ninos\/#primaryimage\",\"inLanguage\":\"es\",\"url\":\"https:\/\/www.mumablue.com\/blog\/wp-content\/uploads\/2020\/06\/Audiocuentos-poes\\u00eda.jpg\",\"width\":96,\"height\":96,\"caption\":\"poemas para escuchar\"},{\"@type\":\"WebPage\",\"@id\":\"https:\/\/www.mumablue.com\/blog\/poemas-para-ninos\/#webpage\",\"url\":\"https:\/\/www.mumablue.com\/blog\/poemas-para-ninos\/\",\"name\":\"Poemas para ni\\u00f1os - Blog Mumablue\",\"isPartOf\":{\"@id\":\"https:\/\/www.mumablue.com\/blog\/#website\"},\"primaryImageOfPage\":{\"@id\":\"https:\/\/www.mumablue.com\/blog\/poemas-para-ninos\/#primaryimage\"},\"datePublished\":\"2020-06-22T12:51:28+00:00\",\"dateModified\":\"2025-05-23T07:52:29+00:00\",\"description\":\"Creamos divertidos poemas para ni\\u00f1os, poes\\u00eda para ser escuchada que tambi\\u00e9n tiene en cuenta grandes literatos universales y joyas de la literatura espa\\u00f1ola.\",\"inLanguage\":\"es\",\"potentialAction\":[{\"@type\":\"ReadAction\",\"target\":[\"https:\/\/www.mumablue.com\/blog\/poemas-para-ninos\/\"]}]}]}<\/script>\n<!-- \/ Yoast SEO plugin. -->","_links":{"self":[{"href":"https:\/\/www.mumablue.com\/blog\/wp-json\/wp\/v2\/pages\/1181"}],"collection":[{"href":"https:\/\/www.mumablue.com\/blog\/wp-json\/wp\/v2\/pages"}],"about":[{"href":"https:\/\/www.mumablue.com\/blog\/wp-json\/wp\/v2\/types\/page"}],"author":[{"embeddable":true,"href":"https:\/\/www.mumablue.com\/blog\/wp-json\/wp\/v2\/users\/6"}],"replies":[{"embeddable":true,"href":"https:\/\/www.mumablue.com\/blog\/wp-json\/wp\/v2\/comments?post=1181"}],"version-history":[{"count":21,"href":"https:\/\/www.mumablue.com\/blog\/wp-json\/wp\/v2\/pages\/1181\/revisions"}],"predecessor-version":[{"id":7539,"href":"https:\/\/www.mumablue.com\/blog\/wp-json\/wp\/v2\/pages\/1181\/revisions\/7539"}],"wp:attachment":[{"href":"https:\/\/www.mumablue.com\/blog\/wp-json\/wp\/v2\/media?parent=1181"}],"curies":[{"name":"wp","href":"https:\/\/api.w.org\/{rel}","templated":true}]}}